{"id":2,"date":"2013-09-12T06:47:42","date_gmt":"2013-09-12T04:47:42","guid":{"rendered":"http:\/\/vzfdj.de\/cms\/?page_id=2"},"modified":"2024-05-28T17:23:01","modified_gmt":"2024-05-28T15:23:01","slug":"home","status":"publish","type":"page","link":"https:\/\/vzfdj.de\/cms\/","title":{"rendered":"Herzlich Willkommen!"},"content":{"rendered":"<p>Der Verein zur F\u00f6rderung der Jugend e.V. m\u00f6chte den \u00dcbergang vom Vorschul- zum Schulkind optimal gestalten und dabei den Kindern Selbstbewusstsein und Selbstvertrauen vermitteln.<\/p>\n<p>Es bestehen aktuell F\u00f6rdergruppen in den Stadtteilen<\/p>\n<ul>\n<li><a href=\"https:\/\/vzfdj.de\/cms\/foerdergruppen\/foerdergruppe-constantia\/\">Constantia<\/a><\/li>\n<li><a href=\"https:\/\/vzfdj.de\/cms\/foerdergruppen\/foerdergruppe-fruechteburg\/\">Fr\u00fcchteburg<\/a><\/li>\n<li><a href=\"https:\/\/vzfdj.de\/cms\/foerdergruppen\/foerdergruppe-larrelt\/\">Larrelt<\/a><\/li>\n<li><a href=\"https:\/\/vzfdj.de\/cms\/foerdergruppe-meine-freie-schule\/\">Meine Freie Schule<\/a><\/li>\n<li><a href=\"https:\/\/vzfdj.de\/cms\/foerdergruppen\/foerdergruppe-wolthusen\/\">Wolthusen<\/a><\/li>\n<li><a href=\"https:\/\/vzfdj.de\/cms\/foerdergruppen\/foerdergruppe_wybelsum\/\">Wybelsum<\/a><\/li>\n<\/ul>\n<p>Weitere Gruppen sind in Planung.<\/p>\n","protected":false},"excerpt":{"rendered":"<p>Der Verein zur F\u00f6rderung der Jugend e.V. m\u00f6chte den \u00dcbergang vom Vorschul- zum Schulkind optimal gestalten und dabei den Kindern Selbstbewusstsein und Selbstvertrauen vermitteln. Es bestehen aktuell F\u00f6rdergruppen in den Stadtteilen Constantia Fr\u00fcchteburg Larrelt Meine Freie Schule Wolthusen Wybelsum Weitere Gruppen sind in Planung.<\/p>\n","protected":false},"author":1,"featured_media":0,"parent":0,"menu_order":0,"comment_status":"closed","ping_status":"closed","template":"","meta":{"footnotes":""},"_links":{"self":[{"href":"https:\/\/vzfdj.de\/cms\/wp-json\/wp\/v2\/pages\/2"}],"collection":[{"href":"https:\/\/vzfdj.de\/cms\/wp-json\/wp\/v2\/pages"}],"about":[{"href":"https:\/\/vzfdj.de\/cms\/wp-json\/wp\/v2\/types\/page"}],"author":[{"embeddable":true,"href":"https:\/\/vzfdj.de\/cms\/wp-json\/wp\/v2\/users\/1"}],"replies":[{"embeddable":true,"href":"https:\/\/vzfdj.de\/cms\/wp-json\/wp\/v2\/comments?post=2"}],"version-history":[{"count":14,"href":"https:\/\/vzfdj.de\/cms\/wp-json\/wp\/v2\/pages\/2\/revisions"}],"predecessor-version":[{"id":467,"href":"https:\/\/vzfdj.de\/cms\/wp-json\/wp\/v2\/pages\/2\/revisions\/467"}],"wp:attachment":[{"href":"https:\/\/vzfdj.de\/cms\/wp-json\/wp\/v2\/media?parent=2"}],"curies":[{"name":"wp","href":"https:\/\/api.w.org\/{rel}","templated":true}]}}